{"id":6128,"date":"2025-09-04T10:40:56","date_gmt":"2025-09-04T10:40:56","guid":{"rendered":"https:\/\/yiwuagent.com\/mision-vision-y-valores\/"},"modified":"2025-09-30T05:48:15","modified_gmt":"2025-09-30T05:48:15","slug":"mision-vision-y-valores","status":"publish","type":"page","link":"https:\/\/yiwuagent.com\/es\/sobre-union-home\/mision-vision-y-valores\/","title":{"rendered":"Misi\u00f3n, Visi\u00f3n y Valores"},"content":{"rendered":"<div class=\"fusion-fullwidth fullwidth-box fusion-builder-row-1 fusion-flex-container has-pattern-background has-mask-background nonhundred-percent-fullwidth non-hundred-percent-height-scrolling\" style=\"--awb-border-radius-top-left:0px;--awb-border-radius-top-right:0px;--awb-border-radius-bottom-right:0px;--awb-border-radius-bottom-left:0px;--awb-padding-top:20px;--awb-padding-bottom:20px;--awb-flex-wrap:wrap;\" ><div class=\"fusion-builder-row fusion-row fusion-flex-align-items-flex-start fusion-flex-justify-content-space-between fusion-flex-content-wrap\" style=\"max-width:1256.6px;margin-left: calc(-3% \/ 2 );margin-right: calc(-3% \/ 2 );\"><div class=\"fusion-layout-column fusion_builder_column fusion-builder-column-0 fusion_builder_column_1_1 1_1 fusion-flex-column fusion-flex-align-self-center\" style=\"--awb-padding-right:56px;--awb-padding-left:56px;--awb-padding-top-medium:64px;--awb-padding-right-medium:40px;--awb-padding-bottom-medium:64px;--awb-padding-left-medium:40px;--awb-padding-right-small:20px;--awb-padding-left-small:20px;--awb-bg-size:cover;--awb-width-large:100%;--awb-spacing-right-large:1.455%;--awb-margin-bottom-large:0px;--awb-spacing-left-large:1.455%;--awb-width-medium:50%;--awb-order-medium:0;--awb-spacing-right-medium:2.91%;--awb-spacing-left-medium:2.91%;--awb-width-small:100%;--awb-order-small:0;--awb-spacing-right-small:1.455%;--awb-spacing-left-small:1.455%;\"><div class=\"fusion-column-wrapper fusion-column-has-shadow fusion-flex-justify-content-flex-start fusion-content-layout-column\"><div class=\"fusion-title title fusion-title-1 fusion-sep-none fusion-title-text fusion-title-size-two\" style=\"--awb-margin-top-small:10px;--awb-margin-right-small:0px;--awb-margin-bottom-small:30px;--awb-margin-left-small:0px;\"><h2 class=\"fusion-title-heading title-heading-left fusion-responsive-typography-calculated\" style=\"margin:0;--fontSize:42;line-height:var(--awb-typography1-line-height);\">Misi\u00f3n<\/h2><\/div><div class=\"fusion-text fusion-text-1 fusion-text-no-margin\" style=\"--awb-margin-bottom:10px;\"><p class=\"whitespace-normal break-words\">Prestando un excelente servicio de cadena de suministro a clientes de todo el mundo.<\/p>\n<\/div><div class=\"fusion-separator fusion-full-width-sep\" style=\"align-self: center;margin-left: auto;margin-right: auto;margin-top:10px;margin-bottom:10px;width:100%;\"><div class=\"fusion-separator-border sep-single\" style=\"--awb-height:20px;--awb-amount:20px;border-color:var(--awb-color3);border-top-width:1px;\"><\/div><\/div><div class=\"fusion-title title fusion-title-2 fusion-sep-none fusion-title-text fusion-title-size-two\" style=\"--awb-margin-top-small:10px;--awb-margin-right-small:0px;--awb-margin-bottom-small:30px;--awb-margin-left-small:0px;\"><h2 class=\"fusion-title-heading title-heading-left fusion-responsive-typography-calculated\" style=\"margin:0;--fontSize:42;line-height:var(--awb-typography1-line-height);\">Visi\u00f3n<\/h2><\/div><div class=\"fusion-text fusion-text-2 fusion-text-no-margin\" style=\"--awb-margin-bottom:10px;\"><p>Crear los servicios de evaluaci\u00f3n comparativa de la cadena de suministro, construir conjuntamente una empresa humanista y armoniosa.<\/p>\n<\/div><div class=\"fusion-separator fusion-full-width-sep\" style=\"align-self: center;margin-left: auto;margin-right: auto;margin-top:10px;margin-bottom:10px;width:100%;\"><div class=\"fusion-separator-border sep-single\" style=\"--awb-height:20px;--awb-amount:20px;border-color:var(--awb-color3);border-top-width:1px;\"><\/div><\/div><div class=\"fusion-title title fusion-title-3 fusion-sep-none fusion-title-text fusion-title-size-two\" style=\"--awb-margin-top-small:10px;--awb-margin-right-small:0px;--awb-margin-bottom-small:30px;--awb-margin-left-small:0px;\"><h2 class=\"fusion-title-heading title-heading-left fusion-responsive-typography-calculated\" style=\"margin:0;--fontSize:42;line-height:var(--awb-typography1-line-height);\">Valores fundamentales<\/h2><\/div><div class=\"fusion-tabs fusion-tabs-1 classic nav-is-justified horizontal-tabs icon-position-left mobile-mode-accordion\" style=\"--awb-margin-bottom:0px;--awb-title-border-radius-top-left:12px;--awb-title-border-radius-top-right:12px;--awb-title-border-radius-bottom-right:12px;--awb-title-border-radius-bottom-left:12px;--awb-content-padding-top:32px;--awb-content-padding-right:20px;--awb-content-padding-bottom:0px;--awb-content-padding-left:20px;--awb-title-padding-top:20px;--awb-title-padding-bottom:20px;--awb-title-font-size:17px;--awb-title-text-transform:var(--awb-typography2-text-transform);--awb-title-line-height:var(--awb-typography2-line-height);--awb-title-letter-spacing:var(--awb-typography2-letter-spacing);--awb-alignment:start;--awb-inactive-color:var(--awb-color2);--awb-background-color:var(--awb-color1);--awb-border-color:var(--awb-color1);--awb-active-border-color:var(--awb-color4);--awb-title-font-family:var(--awb-typography2-font-family);--awb-title-font-weight:var(--awb-typography2-font-weight);--awb-title-font-style:var(--awb-typography2-font-style);\"><div class=\"nav\"><ul class=\"nav-tabs nav-justified\" role=\"tablist\"><li class=\"active\" role=\"presentation\"><a class=\"tab-link\" data-toggle=\"tab\" role=\"tab\" aria-controls=\"tab-d5e86ad1f796ac88634\" aria-selected=\"true\" id=\"fusion-tab-profesionalcontinuayexcelente\" href=\"#tab-d5e86ad1f796ac88634\"><h4 class=\"fusion-tab-heading\">Profesional continua y excelente<\/h4><\/a><\/li><li role=\"presentation\"><a class=\"tab-link\" data-toggle=\"tab\" role=\"tab\" aria-controls=\"tab-9dce9567d5113c09ec7\" aria-selected=\"false\" tabindex=\"-1\" id=\"fusion-tab-profesionalcontinuayexcelente\" href=\"#tab-9dce9567d5113c09ec7\"><h4 class=\"fusion-tab-heading\">Profesional continua y excelente<\/h4><\/a><\/li><li role=\"presentation\"><a class=\"tab-link\" data-toggle=\"tab\" role=\"tab\" aria-controls=\"tab-ad8261da71ddb920e5b\" aria-selected=\"false\" tabindex=\"-1\" id=\"fusion-tab-colaborarycompartir\" href=\"#tab-ad8261da71ddb920e5b\"><h4 class=\"fusion-tab-heading\">Colaborar y compartir<\/h4><\/a><\/li><li role=\"presentation\"><a class=\"tab-link\" data-toggle=\"tab\" role=\"tab\" aria-controls=\"tab-c916a96acbc3fc55adf\" aria-selected=\"false\" tabindex=\"-1\" id=\"fusion-tab-sabidur\u00edacolectiva,fuerzaconjunta\" href=\"#tab-c916a96acbc3fc55adf\"><h4 class=\"fusion-tab-heading\">Sabidur\u00eda Colectiva, Fuerza Conjunta<\/h4><\/a><\/li><\/ul><\/div><div class=\"tab-content\"><div class=\"nav fusion-mobile-tab-nav\"><ul class=\"nav-tabs nav-justified\" role=\"tablist\"><li class=\"active\" role=\"presentation\"><a class=\"tab-link\" data-toggle=\"tab\" role=\"tab\" aria-controls=\"tab-d5e86ad1f796ac88634\" aria-selected=\"true\" id=\"mobile-fusion-tab-profesionalcontinuayexcelente\" href=\"#tab-d5e86ad1f796ac88634\"><h4 class=\"fusion-tab-heading\">Profesional continua y excelente<\/h4><\/a><\/li><\/ul><\/div><div class=\"tab-pane fade fusion-clearfix in active\" role=\"tabpanel\" tabindex=\"0\" aria-labelledby=\"fusion-tab-profesionalcontinuayexcelente\" id=\"tab-d5e86ad1f796ac88634\">\n<ul>\n<li>Poner el trabajo en primer lugar, concentrarse en el trabajo durante la jornada laboral con gran eficacia y buena iniciativa;<\/li>\n<li>Orientado a los resultados, sin dolor no hay ganancia;<\/li>\n<li>Los directivos deben dar buen ejemplo.<\/li>\n<\/ul>\n<\/div><div class=\"nav fusion-mobile-tab-nav\"><ul class=\"nav-tabs nav-justified\" role=\"tablist\"><li role=\"presentation\"><a class=\"tab-link\" data-toggle=\"tab\" role=\"tab\" aria-controls=\"tab-9dce9567d5113c09ec7\" aria-selected=\"false\" tabindex=\"-1\" id=\"mobile-fusion-tab-profesionalcontinuayexcelente\" href=\"#tab-9dce9567d5113c09ec7\"><h4 class=\"fusion-tab-heading\">Profesional continua y excelente<\/h4><\/a><\/li><\/ul><\/div><div class=\"tab-pane fade fusion-clearfix\" role=\"tabpanel\" tabindex=\"0\" aria-labelledby=\"fusion-tab-profesionalcontinuayexcelente\" id=\"tab-9dce9567d5113c09ec7\">\n<ul>\n<li>Poner el trabajo en primer lugar, concentrarse en el trabajo durante la jornada laboral con gran eficacia y buena iniciativa;<\/li>\n<li>Orientado a los resultados, sin dolor no hay ganancia;<\/li>\n<li>Los directivos deben dar buen ejemplo.<\/li>\n<\/ul>\n<\/div><div class=\"nav fusion-mobile-tab-nav\"><ul class=\"nav-tabs nav-justified\" role=\"tablist\"><li role=\"presentation\"><a class=\"tab-link\" data-toggle=\"tab\" role=\"tab\" aria-controls=\"tab-ad8261da71ddb920e5b\" aria-selected=\"false\" tabindex=\"-1\" id=\"mobile-fusion-tab-colaborarycompartir\" href=\"#tab-ad8261da71ddb920e5b\"><h4 class=\"fusion-tab-heading\">Colaborar y compartir<\/h4><\/a><\/li><\/ul><\/div><div class=\"tab-pane fade fusion-clearfix\" role=\"tabpanel\" tabindex=\"0\" aria-labelledby=\"fusion-tab-colaborarycompartir\" id=\"tab-ad8261da71ddb920e5b\">\n<ul>\n<li>Prestar atenci\u00f3n a la cooperaci\u00f3n interna, asignar razonablemente las tareas del trabajo, aclarar las responsabilidades y las autoridades, y crear un buen mecanismo de cooperaci\u00f3n;<\/li>\n<li>Traspasar los l\u00edmites departamentales, tener un fuerte sentido de la situaci\u00f3n general, tener una buena actitud hacia la cooperaci\u00f3n interdepartamental, responder y aplicar con rapidez;<\/li>\n<li>Mantener una mentalidad abierta, estar dispuesto a compartir ideas, experiencia y recursos empresariales dentro del Grupo, y participar activamente en la creaci\u00f3n de un buen mecanismo de intercambio.<\/li>\n<\/ul>\n<\/div><div class=\"nav fusion-mobile-tab-nav\"><ul class=\"nav-tabs nav-justified\" role=\"tablist\"><li role=\"presentation\"><a class=\"tab-link\" data-toggle=\"tab\" role=\"tab\" aria-controls=\"tab-c916a96acbc3fc55adf\" aria-selected=\"false\" tabindex=\"-1\" id=\"mobile-fusion-tab-sabidur\u00edacolectiva,fuerzaconjunta\" href=\"#tab-c916a96acbc3fc55adf\"><h4 class=\"fusion-tab-heading\">Sabidur\u00eda Colectiva, Fuerza Conjunta<\/h4><\/a><\/li><\/ul><\/div><div class=\"tab-pane fade fusion-clearfix\" role=\"tabpanel\" tabindex=\"0\" aria-labelledby=\"fusion-tab-sabidur\u00edacolectiva,fuerzaconjunta\" id=\"tab-c916a96acbc3fc55adf\">\n<ul>\n<li>Hacer esfuerzos concertados para absorber plenamente las opiniones de todas las partes al tomar decisiones importantes, dando importancia a la herencia de conocimientos y experiencia dentro del equipo;<\/li>\n<li>Establecer un buen mecanismo de debate colectivo, animar a los trabajadores a expresar sus opiniones personales y crear las condiciones para que los trabajadores participen en los asuntos colectivos;<\/li>\n<li>Atreverse a hablar, participar seriamente en los debates colectivos y contribuir activamente a los asuntos colectivos.<\/li>\n<\/ul>\n<\/div><\/div><\/div><div class=\"fusion-separator fusion-full-width-sep\" style=\"align-self: center;margin-left: auto;margin-right: auto;margin-top:10px;margin-bottom:10px;width:100%;\"><div class=\"fusion-separator-border sep-single\" style=\"--awb-height:20px;--awb-amount:20px;border-color:var(--awb-color3);border-top-width:1px;\"><\/div><\/div><div class=\"fusion-tabs fusion-tabs-2 classic nav-is-justified horizontal-tabs icon-position-left mobile-mode-accordion\" style=\"--awb-margin-bottom:0px;--awb-title-border-radius-top-left:12px;--awb-title-border-radius-top-right:12px;--awb-title-border-radius-bottom-right:12px;--awb-title-border-radius-bottom-left:12px;--awb-content-padding-top:32px;--awb-content-padding-right:20px;--awb-content-padding-bottom:0px;--awb-content-padding-left:20px;--awb-title-padding-top:20px;--awb-title-padding-bottom:20px;--awb-title-font-size:17px;--awb-title-text-transform:var(--awb-typography2-text-transform);--awb-title-line-height:var(--awb-typography2-line-height);--awb-title-letter-spacing:var(--awb-typography2-letter-spacing);--awb-alignment:start;--awb-inactive-color:var(--awb-color2);--awb-background-color:var(--awb-color1);--awb-border-color:var(--awb-color1);--awb-active-border-color:var(--awb-color4);--awb-title-font-family:var(--awb-typography2-font-family);--awb-title-font-weight:var(--awb-typography2-font-weight);--awb-title-font-style:var(--awb-typography2-font-style);\"><div class=\"nav\"><ul class=\"nav-tabs nav-justified\" role=\"tablist\"><li class=\"active\" role=\"presentation\"><a class=\"tab-link\" data-toggle=\"tab\" role=\"tab\" aria-controls=\"tab-1a604a333dab4e7296e\" aria-selected=\"true\" id=\"fusion-tab-mantentealertaantelospeligrosinclusoentiemposdecalma\" href=\"#tab-1a604a333dab4e7296e\"><h4 class=\"fusion-tab-heading\">Mantente alerta ante los peligros incluso en tiempos de calma<\/h4><\/a><\/li><li role=\"presentation\"><a class=\"tab-link\" data-toggle=\"tab\" role=\"tab\" aria-controls=\"tab-11cbb9602047e1ad11a\" aria-selected=\"false\" tabindex=\"-1\" id=\"fusion-tab-honrarelcompromisoyemprenderaccionespr\u00e1cticas\" href=\"#tab-11cbb9602047e1ad11a\"><h4 class=\"fusion-tab-heading\">Honrar el compromiso y emprender acciones pr\u00e1cticas<\/h4><\/a><\/li><li role=\"presentation\"><a class=\"tab-link\" data-toggle=\"tab\" role=\"tab\" aria-controls=\"tab-79d77630ec014c06550\" aria-selected=\"false\" tabindex=\"-1\" id=\"fusion-tab-anticorrupci\u00f3nyautodisciplina\" href=\"#tab-79d77630ec014c06550\"><h4 class=\"fusion-tab-heading\">Anticorrupci\u00f3n y Autodisciplina<\/h4><\/a><\/li><li role=\"presentation\"><a class=\"tab-link\" data-toggle=\"tab\" role=\"tab\" aria-controls=\"tab-c068ee06baa6378839e\" aria-selected=\"false\" tabindex=\"-1\" id=\"fusion-tab-perfeccionartemientrasbeneficiasalosdem\u00e1s\" href=\"#tab-c068ee06baa6378839e\"><h4 class=\"fusion-tab-heading\">Perfeccionarte mientras beneficias a los dem\u00e1s<\/h4><\/a><\/li><\/ul><\/div><div class=\"tab-content\"><div class=\"nav fusion-mobile-tab-nav\"><ul class=\"nav-tabs nav-justified\" role=\"tablist\"><li class=\"active\" role=\"presentation\"><a class=\"tab-link\" data-toggle=\"tab\" role=\"tab\" aria-controls=\"tab-1a604a333dab4e7296e\" aria-selected=\"true\" id=\"mobile-fusion-tab-mantentealertaantelospeligrosinclusoentiemposdecalma\" href=\"#tab-1a604a333dab4e7296e\"><h4 class=\"fusion-tab-heading\">Mantente alerta ante los peligros incluso en tiempos de calma<\/h4><\/a><\/li><\/ul><\/div><div class=\"tab-pane fade fusion-clearfix in active\" role=\"tabpanel\" tabindex=\"0\" aria-labelledby=\"fusion-tab-mantentealertaantelospeligrosinclusoentiemposdecalma\" id=\"tab-1a604a333dab4e7296e\">\n<ul>\n<li>Mantener la humildad cuando se tienen grandes resultados empresariales, lo que permite reconocer las propias deficiencias, descubrir los problemas y realizar mejoras;<\/li>\n<li>Prestar atenci\u00f3n a la complejidad e incertidumbre del mercado, saber captar las tendencias del mercado, tener una gran conciencia del riesgo;<\/li>\n<li>Dar importancia a los colegas de la industria, absorbiendo sus ideas innovadoras y buenas pr\u00e1cticas con una mente abierta;<\/li>\n<li>Ser sensible, tener suficiente sensibilidad y perspicacia ante todo tipo de innovaciones importantes de otras industrias y campos, y adaptarte a las pol\u00edticas cambiantes.<\/li>\n<\/ul>\n<\/div><div class=\"nav fusion-mobile-tab-nav\"><ul class=\"nav-tabs nav-justified\" role=\"tablist\"><li role=\"presentation\"><a class=\"tab-link\" data-toggle=\"tab\" role=\"tab\" aria-controls=\"tab-11cbb9602047e1ad11a\" aria-selected=\"false\" tabindex=\"-1\" id=\"mobile-fusion-tab-honrarelcompromisoyemprenderaccionespr\u00e1cticas\" href=\"#tab-11cbb9602047e1ad11a\"><h4 class=\"fusion-tab-heading\">Honrar el compromiso y emprender acciones pr\u00e1cticas<\/h4><\/a><\/li><\/ul><\/div><div class=\"tab-pane fade fusion-clearfix\" role=\"tabpanel\" tabindex=\"0\" aria-labelledby=\"fusion-tab-honrarelcompromisoyemprenderaccionespr\u00e1cticas\" id=\"tab-11cbb9602047e1ad11a\">\n<ul>\n<li>Oponerse a la corrupci\u00f3n, negarse a participar en cualquier actividad que pueda perjudicar los beneficios del Grupo, mantener contactos saludables con los socios y atreverse a denunciar las malas conductas;<\/li>\n<li>Ser diligente y ahorrativo, eliminando el despilfarro;<\/li>\n<li>Ser estricto contigo mismo, acatar conscientemente las normas y reglamentos del Grupo, hacer un buen trabajo en la confidencialidad de la informaci\u00f3n del Grupo;<\/li>\n<li>Respetando a los dem\u00e1s, el nivel directivo debe tratar a todos los compa\u00f1eros por igual y con justicia.<\/li>\n<\/ul>\n<\/div><div class=\"nav fusion-mobile-tab-nav\"><ul class=\"nav-tabs nav-justified\" role=\"tablist\"><li role=\"presentation\"><a class=\"tab-link\" data-toggle=\"tab\" role=\"tab\" aria-controls=\"tab-79d77630ec014c06550\" aria-selected=\"false\" tabindex=\"-1\" id=\"mobile-fusion-tab-anticorrupci\u00f3nyautodisciplina\" href=\"#tab-79d77630ec014c06550\"><h4 class=\"fusion-tab-heading\">Anticorrupci\u00f3n y Autodisciplina<\/h4><\/a><\/li><\/ul><\/div><div class=\"tab-pane fade fusion-clearfix\" role=\"tabpanel\" tabindex=\"0\" aria-labelledby=\"fusion-tab-anticorrupci\u00f3nyautodisciplina\" id=\"tab-79d77630ec014c06550\">\n<ul>\n<li>Prestar atenci\u00f3n a la cooperaci\u00f3n interna, asignar razonablemente las tareas del trabajo, aclarar las responsabilidades y las autoridades, y crear un buen mecanismo de cooperaci\u00f3n;<\/li>\n<li>Traspasar los l\u00edmites departamentales, tener un fuerte sentido de la situaci\u00f3n general, tener una buena actitud hacia la cooperaci\u00f3n interdepartamental, responder y aplicar con rapidez;<\/li>\n<li>Mantener una mentalidad abierta, estar dispuesto a compartir ideas, experiencia y recursos empresariales dentro del Grupo, y participar activamente en la creaci\u00f3n de un buen mecanismo de intercambio.<\/li>\n<\/ul>\n<\/div><div class=\"nav fusion-mobile-tab-nav\"><ul class=\"nav-tabs nav-justified\" role=\"tablist\"><li role=\"presentation\"><a class=\"tab-link\" data-toggle=\"tab\" role=\"tab\" aria-controls=\"tab-c068ee06baa6378839e\" aria-selected=\"false\" tabindex=\"-1\" id=\"mobile-fusion-tab-perfeccionartemientrasbeneficiasalosdem\u00e1s\" href=\"#tab-c068ee06baa6378839e\"><h4 class=\"fusion-tab-heading\">Perfeccionarte mientras beneficias a los dem\u00e1s<\/h4><\/a><\/li><\/ul><\/div><div class=\"tab-pane fade fusion-clearfix\" role=\"tabpanel\" tabindex=\"0\" aria-labelledby=\"fusion-tab-perfeccionartemientrasbeneficiasalosdem\u00e1s\" id=\"tab-c068ee06baa6378839e\">\n<ul>\n<li>Prestar atenci\u00f3n a la experiencia del cliente, proporcionar a los clientes productos competitivos y servicios excelentes, e impulsar el crecimiento del negocio de los clientes;<\/li>\n<li>Apoyar el crecimiento de los proveedores, cooperar con ellos sinceramente y lograr un desarrollo com\u00fan;<\/li>\n<li>Ayudar sinceramente a los compa\u00f1eros, encontrar eficazmente los puntos fuertes y el potencial de los compa\u00f1eros, y dar juego al m\u00e1ximo valor de los dem\u00e1s;<\/li>\n<li>Desarrollar los talentos de reserva y crear un espacio de desarrollo para el crecimiento de los subordinados destacados;<\/li>\n<li>Beneficiar con entusiasmo a la sociedad, agradecer el apoyo de todos los sectores de la sociedad al crecimiento del Grupo, participar activamente en actividades ben\u00e9ficas y abogar por las buenas costumbres sociales.<\/li>\n<\/ul>\n<\/div><\/div><\/div><\/div><\/div><\/div><\/div>\n\n","protected":false},"excerpt":{"rendered":"","protected":false},"author":1,"featured_media":6132,"parent":6229,"menu_order":0,"comment_status":"closed","ping_status":"closed","template":"100-width.php","meta":{"_acf_changed":false,"footnotes":""},"class_list":["post-6128","page","type-page","status-publish","has-post-thumbnail","hentry"],"acf":[],"_links":{"self":[{"href":"https:\/\/yiwuagent.com\/es\/wp-json\/wp\/v2\/pages\/6128","targetHints":{"allow":["GET"]}}],"collection":[{"href":"https:\/\/yiwuagent.com\/es\/wp-json\/wp\/v2\/pages"}],"about":[{"href":"https:\/\/yiwuagent.com\/es\/wp-json\/wp\/v2\/types\/page"}],"author":[{"embeddable":true,"href":"https:\/\/yiwuagent.com\/es\/wp-json\/wp\/v2\/users\/1"}],"replies":[{"embeddable":true,"href":"https:\/\/yiwuagent.com\/es\/wp-json\/wp\/v2\/comments?post=6128"}],"version-history":[{"count":1,"href":"https:\/\/yiwuagent.com\/es\/wp-json\/wp\/v2\/pages\/6128\/revisions"}],"predecessor-version":[{"id":6241,"href":"https:\/\/yiwuagent.com\/es\/wp-json\/wp\/v2\/pages\/6128\/revisions\/6241"}],"up":[{"embeddable":true,"href":"https:\/\/yiwuagent.com\/es\/wp-json\/wp\/v2\/pages\/6229"}],"wp:featuredmedia":[{"embeddable":true,"href":"https:\/\/yiwuagent.com\/es\/wp-json\/wp\/v2\/media\/6132"}],"wp:attachment":[{"href":"https:\/\/yiwuagent.com\/es\/wp-json\/wp\/v2\/media?parent=6128"}],"curies":[{"name":"wp","href":"https:\/\/api.w.org\/{rel}","templated":true}]}}